{"id":50,"date":"2023-02-20T22:59:46","date_gmt":"2023-02-20T22:59:46","guid":{"rendered":"https:\/\/www.coral-cafe.cz\/?page_id=50"},"modified":"2024-08-02T15:26:56","modified_gmt":"2024-08-02T15:26:56","slug":"uvod","status":"publish","type":"page","link":"https:\/\/www.coral-cafe.cz\/","title":{"rendered":"\u00davod"},"content":{"rendered":"\t\t<div data-elementor-type=\"wp-page\" data-elementor-id=\"50\" class=\"elementor elementor-50\" data-elementor-post-type=\"page\">\n\t\t\t\t\t\t\t\t\t<section class=\"elementor-section elementor-top-section elementor-element elementor-element-9f67631 elementor-section-boxed elementor-section-height-default elementor-section-height-default\" data-id=\"9f67631\" data-element_type=\"section\">\n\t\t\t\t\t\t<div class=\"elementor-container elementor-column-gap-default\">\n\t\t\t\t\t<div class=\"elementor-column elementor-col-100 elementor-top-column elementor-element elementor-element-68b094c\" data-id=\"68b094c\" data-element_type=\"column\">\n\t\t\t<div class=\"elementor-widget-wrap elementor-element-populated\">\n\t\t\t\t\t\t\t\t<div class=\"elementor-element elementor-element-ea0f535 elementor-widget elementor-widget-text-editor\" data-id=\"ea0f535\" data-element_type=\"widget\" data-widget_type=\"text-editor.default\">\n\t\t\t\t<div class=\"elementor-widget-container\">\n\t\t\t<style>\/*! elementor - v3.18.0 - 08-12-2023 *\/\n.elementor-widget-text-editor.elementor-drop-cap-view-stacked .elementor-drop-cap{background-color:#69727d;color:#fff}.elementor-widget-text-editor.elementor-drop-cap-view-framed .elementor-drop-cap{color:#69727d;border:3px solid;background-color:transparent}.elementor-widget-text-editor:not(.elementor-drop-cap-view-default) .elementor-drop-cap{margin-top:8px}.elementor-widget-text-editor:not(.elementor-drop-cap-view-default) .elementor-drop-cap-letter{width:1em;height:1em}.elementor-widget-text-editor .elementor-drop-cap{float:left;text-align:center;line-height:1;font-size:50px}.elementor-widget-text-editor .elementor-drop-cap-letter{display:inline-block}<\/style>\t\t\t\t<p>V\u016fni kvalitn\u00ed k\u00e1vy, chu\u0165 dobr\u00e9ho \u010daje a rozli\u010dn\u00e9 cukrovinky si m\u016f\u017eete dop\u0159\u00e1t v centru Mlad\u00e9 Boleslavi na stejn\u00e9m m\u00edst\u011b ji\u017e v\u00edce jak 80 let.<\/p><p><strong>Otev\u00edrac\u00ed doba:<\/strong><br \/>Po-P\u00e1: 8:00-17:00<br \/>So: 8:00-11:00<br \/>Ne: Zav\u0159eno<\/p><p>U n\u00e1s lze platit kartou<\/p>\t\t\t\t\t\t<\/div>\n\t\t\t\t<\/div>\n\t\t\t\t\t<\/div>\n\t\t<\/div>\n\t\t\t\t\t\t\t<\/div>\n\t\t<\/section>\n\t\t\t\t\t\t\t<\/div>\n\t\t","protected":false},"excerpt":{"rendered":"<p>V\u016fni kvalitn\u00ed k\u00e1vy, chu\u0165 dobr\u00e9ho \u010daje a rozli\u010dn\u00e9 cukrovinky si m\u016f\u017eete dop\u0159\u00e1t v centru Mlad\u00e9 Boleslavi na stejn\u00e9m m\u00edst\u011b ji\u017e v\u00edce jak 80 let. Otev\u00edrac\u00ed doba:Po-P\u00e1: 8:00-17:00So: 8:00-11:00Ne: Zav\u0159eno U n\u00e1s lze platit kartou<\/p>\n","protected":false},"author":2,"featured_media":0,"parent":0,"menu_order":0,"comment_status":"closed","ping_status":"closed","template":"elementor_theme","meta":{"footnotes":""},"_links":{"self":[{"href":"https:\/\/www.coral-cafe.cz\/index.php?rest_route=\/wp\/v2\/pages\/50"}],"collection":[{"href":"https:\/\/www.coral-cafe.cz\/index.php?rest_route=\/wp\/v2\/pages"}],"about":[{"href":"https:\/\/www.coral-cafe.cz\/index.php?rest_route=\/wp\/v2\/types\/page"}],"author":[{"embeddable":true,"href":"https:\/\/www.coral-cafe.cz\/index.php?rest_route=\/wp\/v2\/users\/2"}],"replies":[{"embeddable":true,"href":"https:\/\/www.coral-cafe.cz\/index.php?rest_route=%2Fwp%2Fv2%2Fcomments&post=50"}],"version-history":[{"count":67,"href":"https:\/\/www.coral-cafe.cz\/index.php?rest_route=\/wp\/v2\/pages\/50\/revisions"}],"predecessor-version":[{"id":228,"href":"https:\/\/www.coral-cafe.cz\/index.php?rest_route=\/wp\/v2\/pages\/50\/revisions\/228"}],"wp:attachment":[{"href":"https:\/\/www.coral-cafe.cz\/index.php?rest_route=%2Fwp%2Fv2%2Fmedia&parent=50"}],"curies":[{"name":"wp","href":"https:\/\/api.w.org\/{rel}","templated":true}]}}